{"id":1399,"date":"2023-11-07T08:23:36","date_gmt":"2023-11-07T08:23:36","guid":{"rendered":"https:\/\/www.euroricambipescara.com\/?page_id=1399"},"modified":"2023-11-07T08:25:05","modified_gmt":"2023-11-07T08:25:05","slug":"maggiorazione-polverizzatori","status":"publish","type":"page","link":"https:\/\/www.euroricambipescara.com\/?page_id=1399","title":{"rendered":"Maggiorazione polverizzatori"},"content":{"rendered":"\t\t<div data-elementor-type=\"wp-page\" data-elementor-id=\"1399\" class=\"elementor elementor-1399\">\n\t\t\t\t\t\t\t<div class=\"elementor-element elementor-element-d0a880e e-flex e-con-boxed e-con e-parent\" data-id=\"d0a880e\" data-element_type=\"container\" data-settings=\"{&quot;content_width&quot;:&quot;boxed&quot;}\" data-core-v316-plus=\"true\">\n\t\t\t\t\t<div class=\"e-con-inner\">\n\t\t<div class=\"elementor-element elementor-element-8827cd7 e-con-full e-flex e-con e-child\" data-id=\"8827cd7\" data-element_type=\"container\" data-settings=\"{&quot;content_width&quot;:&quot;full&quot;}\">\n\t\t<div class=\"elementor-element elementor-element-3b0870a e-flex e-con-boxed e-con e-child\" data-id=\"3b0870a\" data-element_type=\"container\" data-settings=\"{&quot;content_width&quot;:&quot;boxed&quot;}\">\n\t\t\t\t\t<div class=\"e-con-inner\">\n\t\t\t\t<div class=\"elementor-element elementor-element-8069d1e elementor-widget elementor-widget-image\" data-id=\"8069d1e\" data-element_type=\"widget\" data-widget_type=\"image.default\">\n\t\t\t\t<div class=\"elementor-widget-container\">\n\t\t\t<style>\/*! elementor - v3.17.0 - 01-11-2023 *\/\n.elementor-widget-image{text-align:center}.elementor-widget-image a{display:inline-block}.elementor-widget-image a img[src$=\".svg\"]{width:48px}.elementor-widget-image img{vertical-align:middle;display:inline-block}<\/style>\t\t\t\t\t\t\t\t\t\t\t\t<img fetchpriority=\"high\" decoding=\"async\" width=\"960\" height=\"507\" src=\"https:\/\/www.euroricambipescara.com\/wp-content\/uploads\/2023\/11\/polverizzatori.png\" class=\"attachment-large size-large wp-image-1312\" alt=\"\" srcset=\"https:\/\/www.euroricambipescara.com\/wp-content\/uploads\/2023\/11\/polverizzatori.png 960w, https:\/\/www.euroricambipescara.com\/wp-content\/uploads\/2023\/11\/polverizzatori-300x158.png 300w, https:\/\/www.euroricambipescara.com\/wp-content\/uploads\/2023\/11\/polverizzatori-768x406.png 768w\" sizes=\"(max-width: 960px) 100vw, 960px\" \/>\t\t\t\t\t\t\t\t\t\t\t\t\t\t\t<\/div>\n\t\t\t\t<\/div>\n\t\t\t\t\t<\/div>\n\t\t\t\t<\/div>\n\t\t<div class=\"elementor-element elementor-element-5ecbe5d e-flex e-con-boxed e-con e-child\" data-id=\"5ecbe5d\" data-element_type=\"container\" data-settings=\"{&quot;content_width&quot;:&quot;boxed&quot;}\">\n\t\t\t\t\t<div class=\"e-con-inner\">\n\t\t\t\t<div class=\"elementor-element elementor-element-83220be elementor-widget elementor-widget-text-editor\" data-id=\"83220be\" data-element_type=\"widget\" data-widget_type=\"text-editor.default\">\n\t\t\t\t<div class=\"elementor-widget-container\">\n\t\t\t<style>\/*! elementor - v3.17.0 - 01-11-2023 *\/\n.elementor-widget-text-editor.elementor-drop-cap-view-stacked .elementor-drop-cap{background-color:#69727d;color:#fff}.elementor-widget-text-editor.elementor-drop-cap-view-framed .elementor-drop-cap{color:#69727d;border:3px solid;background-color:transparent}.elementor-widget-text-editor:not(.elementor-drop-cap-view-default) .elementor-drop-cap{margin-top:8px}.elementor-widget-text-editor:not(.elementor-drop-cap-view-default) .elementor-drop-cap-letter{width:1em;height:1em}.elementor-widget-text-editor .elementor-drop-cap{float:left;text-align:center;line-height:1;font-size:50px}.elementor-widget-text-editor .elementor-drop-cap-letter{display:inline-block}<\/style>\t\t\t\t<p>I motori diesel sono noti per la loro efficienza e il loro alto rendimento energetico. Questo \u00e8 dovuto in gran parte alla loro capacit\u00e0 di comprimere l&#8217;aria all&#8217;interno della camera di combustione a valori molto elevati prima di iniettare il carburante. L&#8217;aria compressa si riscalda notevolmente a causa della compressione, raggiungendo temperature molto alte. Quando il carburante viene iniettato in questo ambiente ad alta temperatura e pressione, si accende spontaneamente a causa della temperatura elevata, generando cos\u00ec l&#8217;energia necessaria per spingere il pistone e far girare il motore.<\/p><p>I polverizzatori, o iniettori, svolgono un ruolo fondamentale in questo processo. Essi sono responsabili di spruzzare il carburante all&#8217;interno della camera di combustione in modo uniforme e controllato. La &#8220;maggiorazione&#8221; dei polverizzatori si riferisce a miglioramenti progettuali o tecnologici apportati a questi componenti per ottimizzare la combustione nel motore diesel. Questo processo pu\u00f2 coinvolgere diversi aspetti:<\/p><p>Atomizzazione del carburante: I moderni polverizzatori sono progettati per atomizzare il carburante in piccole gocce. Una migliore atomizzazione del carburante significa una miscelazione pi\u00f9 efficace con l&#8217;aria compressa, che a sua volta migliora l&#8217;efficienza della combustione e riduce le emissioni inquinanti.<\/p><p>Controllo della pressione dell&#8217;iniezione: La pressione con cui il carburante viene iniettato \u00e8 fondamentale. Maggiori pressioni di iniezione possono migliorare l&#8217;efficienza della combustione e la potenza del motore. Tecnologie come i sistemi common rail consentono di regolare con precisione la pressione dell&#8217;iniezione.<\/p><p>Gestione dell&#8217;iniezione: La sincronizzazione e la durata dell&#8217;iniezione possono essere ottimizzate per adattarsi a diverse condizioni di guida, contribuendo a migliorare l&#8217;efficienza e le prestazioni del motore.<\/p><p>Materiali avanzati: L&#8217;uso di materiali avanzati e rivestimenti speciali pu\u00f2 migliorare la durata e l&#8217;affidabilit\u00e0 dei polverizzatori, riducendo cos\u00ec i costi di manutenzione.<\/p><p>Controllo elettronico: L&#8217;integrazione di sistemi di controllo elettronico avanzati consente di monitorare e regolare con precisione l&#8217;iniezione del carburante in tempo reale, migliorando l&#8217;efficienza e la riduzione delle emissioni.<\/p><p>In sintesi, la maggiorazione dei polverizzatori nei motori diesel \u00e8 un aspetto cruciale per migliorare l&#8217;efficienza, le prestazioni e la pulizia delle emissioni dei motori diesel. Questi progressi tecnologici sono fondamentali per rispettare le normative ambientali sempre pi\u00f9 rigorose e per continuare a sfruttare i vantaggi intrinseci dei motori diesel in termini di efficienza energetica.<\/p>\t\t\t\t\t\t<\/div>\n\t\t\t\t<\/div>\n\t\t\t\t\t<\/div>\n\t\t\t\t<\/div>\n\t\t\t\t<\/div>\n\t\t\t\t\t<\/div>\n\t\t\t\t<\/div>\n\t\t\t\t\t\t\t<\/div>\n\t\t","protected":false},"excerpt":{"rendered":"<p>I motori diesel sono noti per la loro efficienza e il loro alto rendimento energetico. Questo \u00e8 dovuto in gran parte alla loro capacit\u00e0 di comprimere l&#8217;aria all&#8217;interno della camera di combustione a valori molto elevati prima di iniettare il carburante. L&#8217;aria compressa si riscalda notevolmente a causa della compressione, raggiungendo temperature molto alte. Quando [&hellip;]<\/p>\n","protected":false},"author":1,"featured_media":0,"parent":0,"menu_order":0,"comment_status":"closed","ping_status":"closed","template":"","meta":{"footnotes":""},"blocksy_meta":"","_links":{"self":[{"href":"https:\/\/www.euroricambipescara.com\/index.php?rest_route=\/wp\/v2\/pages\/1399"}],"collection":[{"href":"https:\/\/www.euroricambipescara.com\/index.php?rest_route=\/wp\/v2\/pages"}],"about":[{"href":"https:\/\/www.euroricambipescara.com\/index.php?rest_route=\/wp\/v2\/types\/page"}],"author":[{"embeddable":true,"href":"https:\/\/www.euroricambipescara.com\/index.php?rest_route=\/wp\/v2\/users\/1"}],"replies":[{"embeddable":true,"href":"https:\/\/www.euroricambipescara.com\/index.php?rest_route=%2Fwp%2Fv2%2Fcomments&post=1399"}],"version-history":[{"count":4,"href":"https:\/\/www.euroricambipescara.com\/index.php?rest_route=\/wp\/v2\/pages\/1399\/revisions"}],"predecessor-version":[{"id":1403,"href":"https:\/\/www.euroricambipescara.com\/index.php?rest_route=\/wp\/v2\/pages\/1399\/revisions\/1403"}],"wp:attachment":[{"href":"https:\/\/www.euroricambipescara.com\/index.php?rest_route=%2Fwp%2Fv2%2Fmedia&parent=1399"}],"curies":[{"name":"wp","href":"https:\/\/api.w.org\/{rel}","templated":true}]}}